{"id":31516,"date":"2026-01-26T14:37:44","date_gmt":"2026-01-26T12:37:44","guid":{"rendered":"https:\/\/mysuomi.fi\/?page_id=31516"},"modified":"2026-03-16T11:18:47","modified_gmt":"2026-03-16T09:18:47","slug":"mysuomi-suomeksi","status":"publish","type":"page","link":"https:\/\/mysuomi.fi\/fi\/","title":{"rendered":"Finnish top page"},"content":{"rendered":"\t\t<div data-elementor-type=\"wp-page\" data-elementor-id=\"31516\" class=\"elementor elementor-31516 elementor-28616\" data-elementor-settings=\"{&quot;ha_cmc_init_switcher&quot;:&quot;no&quot;}\">\n\t\t\t\t<div class=\"elementor-element elementor-element-eb4a3ed e-flex e-con-boxed e-con e-parent\" data-id=\"eb4a3ed\" data-element_type=\"container\" data-e-type=\"container\" data-settings=\"{&quot;_ha_eqh_enable&quot;:false}\">\n\t\t\t\t\t<div class=\"e-con-inner\">\n\t\t\t\t<div class=\"elementor-element elementor-element-e3c711c elementor-widget elementor-widget-heading\" data-id=\"e3c711c\" data-element_type=\"widget\" data-e-type=\"widget\" data-widget_type=\"heading.default\">\n\t\t\t\t\t<h1 class=\"elementor-heading-title elementor-size-default\">My Suomi Oy<\/h1>\t\t\t\t<\/div>\n\t\t\t\t\t<\/div>\n\t\t\t\t<\/div>\n\t\t<div class=\"elementor-element elementor-element-cbee7a8 e-flex e-con-boxed e-con e-parent\" data-id=\"cbee7a8\" data-element_type=\"container\" data-e-type=\"container\" data-settings=\"{&quot;_ha_eqh_enable&quot;:false}\">\n\t\t\t\t\t<div class=\"e-con-inner\">\n\t\t\t\t<div class=\"elementor-element elementor-element-6d2ad35 elementor-widget elementor-widget-image\" data-id=\"6d2ad35\" data-element_type=\"widget\" data-e-type=\"widget\" data-widget_type=\"image.default\">\n\t\t\t\t\t\t\t\t\t\t\t\t\t\t\t<img fetchpriority=\"high\" decoding=\"async\" width=\"1280\" height=\"638\" src=\"https:\/\/mysuomi.fi\/wp-content\/uploads\/2026\/01\/my-suomi-team-1-1280x638.jpg\" class=\"attachment-large size-large wp-image-31144\" alt=\"\" srcset=\"https:\/\/mysuomi.fi\/wp-content\/uploads\/2026\/01\/my-suomi-team-1-1280x638.jpg 1280w, https:\/\/mysuomi.fi\/wp-content\/uploads\/2026\/01\/my-suomi-team-1-350x174.jpg 350w, https:\/\/mysuomi.fi\/wp-content\/uploads\/2026\/01\/my-suomi-team-1-768x383.jpg 768w, https:\/\/mysuomi.fi\/wp-content\/uploads\/2026\/01\/my-suomi-team-1-500x249.jpg 500w, https:\/\/mysuomi.fi\/wp-content\/uploads\/2026\/01\/my-suomi-team-1-830x413.jpg 830w, https:\/\/mysuomi.fi\/wp-content\/uploads\/2026\/01\/my-suomi-team-1-1270x633.jpg 1270w, https:\/\/mysuomi.fi\/wp-content\/uploads\/2026\/01\/my-suomi-team-1.jpg 1536w\" sizes=\"(max-width: 1280px) 100vw, 1280px\" \/>\t\t\t\t\t\t\t\t\t\t\t\t\t\t\t<\/div>\n\t\t\t\t\t<\/div>\n\t\t\t\t<\/div>\n\t\t<div class=\"elementor-element elementor-element-8472e1b e-flex e-con-boxed e-con e-parent\" data-id=\"8472e1b\" data-element_type=\"container\" data-e-type=\"container\" data-settings=\"{&quot;_ha_eqh_enable&quot;:false}\">\n\t\t\t\t\t<div class=\"e-con-inner\">\n\t\t\t\t<div class=\"elementor-element elementor-element-33dc172 elementor-widget elementor-widget-text-editor\" data-id=\"33dc172\" data-element_type=\"widget\" data-e-type=\"widget\" data-widget_type=\"text-editor.default\">\n\t\t\t\t\t\t\t\t\t<p class=\"wp-block-paragraph\">My Suomi toimii sillanrakentajana Suomen ja Japanin v\u00e4lill\u00e4. Tarjoamme osaavat tulkit, kulttuurikoulutusta ja asiantuntijapalveluita. Olemme toimineet Japaniin erikoistuneena yrityksen\u00e4 jo vuodesta 2005.<\/p><p class=\"wp-block-paragraph\">Pieni, joustava ja korkeasti koulutettu porukkamme auttaa l\u00f6yt\u00e4m\u00e4\u00e4n juuri teille sopivat ratkaisut. Tarjoamme muun muassa seuraavia palvelukokonaisuuksia:<\/p>\t\t\t\t\t\t\t\t<\/div>\n\t\t\t\t\t<\/div>\n\t\t\t\t<\/div>\n\t\t<div class=\"elementor-element elementor-element-0d19e85 e-flex e-con-boxed e-con e-parent\" data-id=\"0d19e85\" data-element_type=\"container\" data-e-type=\"container\" data-settings=\"{&quot;_ha_eqh_enable&quot;:false}\">\n\t\t\t\t\t<div class=\"e-con-inner\">\n\t\t\t\t<div class=\"elementor-element elementor-element-c9f74d0 elementor-widget elementor-widget-heading\" data-id=\"c9f74d0\" data-element_type=\"widget\" data-e-type=\"widget\" data-widget_type=\"heading.default\">\n\t\t\t\t\t<h2 class=\"elementor-heading-title elementor-size-default\">Japanin markkinoiden kartoitus<\/h2>\t\t\t\t<\/div>\n\t\t\t\t\t<\/div>\n\t\t\t\t<\/div>\n\t\t<div class=\"elementor-element elementor-element-9783e3b e-flex e-con-boxed e-con e-parent\" data-id=\"9783e3b\" data-element_type=\"container\" data-e-type=\"container\" data-settings=\"{&quot;_ha_eqh_enable&quot;:false}\">\n\t\t\t\t\t<div class=\"e-con-inner\">\n\t\t\t\t<div class=\"elementor-element elementor-element-c743423 elementor-widget elementor-widget-text-editor\" data-id=\"c743423\" data-element_type=\"widget\" data-e-type=\"widget\" data-widget_type=\"text-editor.default\">\n\t\t\t\t\t\t\t\t\t<ul><li>Selonteko ja raportit alanne markkinatilanteesta Japanissa, miss\u00e4 yritykset ja organisaatiot viestiv\u00e4t itsest\u00e4\u00e4n ja alastaan usein vain japaniksi.<\/li><li>Tukkumyyjien kartoittaminen ja asiakasprofiilien luominen<\/li><\/ul>\t\t\t\t\t\t\t\t<\/div>\n\t\t\t\t\t<\/div>\n\t\t\t\t<\/div>\n\t\t<div class=\"elementor-element elementor-element-6861464 e-flex e-con-boxed e-con e-parent\" data-id=\"6861464\" data-element_type=\"container\" data-e-type=\"container\" data-settings=\"{&quot;_ha_eqh_enable&quot;:false}\">\n\t\t\t\t\t<div class=\"e-con-inner\">\n\t\t\t\t<div class=\"elementor-element elementor-element-c94757a elementor-widget elementor-widget-heading\" data-id=\"c94757a\" data-element_type=\"widget\" data-e-type=\"widget\" data-widget_type=\"heading.default\">\n\t\t\t\t\t<h2 class=\"elementor-heading-title elementor-size-default\">Kulttuurikoulutus ja valmennukset<\/h2>\t\t\t\t<\/div>\n\t\t\t\t\t<\/div>\n\t\t\t\t<\/div>\n\t\t<div class=\"elementor-element elementor-element-fa1b84a e-flex e-con-boxed e-con e-parent\" data-id=\"fa1b84a\" data-element_type=\"container\" data-e-type=\"container\" data-settings=\"{&quot;_ha_eqh_enable&quot;:false}\">\n\t\t\t\t\t<div class=\"e-con-inner\">\n\t\t\t\t<div class=\"elementor-element elementor-element-16c43cd elementor-widget elementor-widget-text-editor\" data-id=\"16c43cd\" data-element_type=\"widget\" data-e-type=\"widget\" data-widget_type=\"text-editor.default\">\n\t\t\t\t\t\t\t\t\t<ul><li>R\u00e4\u00e4t\u00e4l\u00f6idyt luennot ja luentokokonaisuudet Japanin kulttuuriin ja yhteiskuntaan liittyen.<\/li><li>Muuttajan pikavalmennus: lokalisaatioapua yritysten ty\u00f6ntekij\u00f6ille Japaniin suuntautuvan ty\u00f6matkan tai pitemm\u00e4n oleskeluperiodin kolkutellessa.<\/li><\/ul>\t\t\t\t\t\t\t\t<\/div>\n\t\t\t\t\t<\/div>\n\t\t\t\t<\/div>\n\t\t<div class=\"elementor-element elementor-element-066abf6 e-flex e-con-boxed e-con e-parent\" data-id=\"066abf6\" data-element_type=\"container\" data-e-type=\"container\" data-settings=\"{&quot;_ha_eqh_enable&quot;:false}\">\n\t\t\t\t\t<div class=\"e-con-inner\">\n\t\t\t\t<div class=\"elementor-element elementor-element-2c85b66 elementor-widget elementor-widget-heading\" data-id=\"2c85b66\" data-element_type=\"widget\" data-e-type=\"widget\" data-widget_type=\"heading.default\">\n\t\t\t\t\t<h2 class=\"elementor-heading-title elementor-size-default\">Matkailualan strategiaty\u00f6\n<\/h2>\t\t\t\t<\/div>\n\t\t\t\t\t<\/div>\n\t\t\t\t<\/div>\n\t\t<div class=\"elementor-element elementor-element-7a34aee e-flex e-con-boxed e-con e-parent\" data-id=\"7a34aee\" data-element_type=\"container\" data-e-type=\"container\" data-settings=\"{&quot;_ha_eqh_enable&quot;:false}\">\n\t\t\t\t\t<div class=\"e-con-inner\">\n\t\t\t\t<div class=\"elementor-element elementor-element-09d8661 elementor-widget elementor-widget-text-editor\" data-id=\"09d8661\" data-element_type=\"widget\" data-e-type=\"widget\" data-widget_type=\"text-editor.default\">\n\t\t\t\t\t\t\t\t\t<ul><li>Matkailunedist\u00e4misen ratkaisukeskeinen ideointi, kun asiakaskuntana ovat japanilaiset.<\/li><li>Blogikirjoitusten hiominen, some-p\u00e4ivitykset ja -kampanjat joko japaniksi tai japanilaisia silm\u00e4ll\u00e4pit\u00e4en<\/li><li>Japanin ja Kiinan matkailualan kulttuuri- ja asiakaspalvelukoulutukset, aihepiirein\u00e4 esimerkiksi alkukartoitus (mit\u00e4 teist\u00e4 tiedet\u00e4\u00e4n Japanissa ja Kiinassa), tapakulttuuri, bisneskulttuuri, matkailualan hierarkia, kulttuurispesifit toimintamallit, asiakaspalvelutilanteet (lahjakulttuuri, anteeksipyynn\u00f6t, alueelliset erot, VIP-asiakkaat, maksamis- ja jakamiskulttuuri, h\u00e4t\u00e4tilanteet)<\/li><li>Japanilaiseen matkailuun ja sen edist\u00e4miseen liittyv\u00e4t raportit, selonteot ja tutkimukset<\/li><\/ul>\t\t\t\t\t\t\t\t<\/div>\n\t\t\t\t\t<\/div>\n\t\t\t\t<\/div>\n\t\t<div class=\"elementor-element elementor-element-2cb17bd e-flex e-con-boxed e-con e-parent\" data-id=\"2cb17bd\" data-element_type=\"container\" data-e-type=\"container\" data-settings=\"{&quot;_ha_eqh_enable&quot;:false}\">\n\t\t\t\t\t<div class=\"e-con-inner\">\n\t\t\t\t<div class=\"elementor-element elementor-element-873cc38 elementor-widget elementor-widget-heading\" data-id=\"873cc38\" data-element_type=\"widget\" data-e-type=\"widget\" data-widget_type=\"heading.default\">\n\t\t\t\t\t<h2 class=\"elementor-heading-title elementor-size-default\">K\u00e4\u00e4nn\u00f6s-, tulkkaus-, ja kielipalvelut<\/h2>\t\t\t\t<\/div>\n\t\t\t\t\t<\/div>\n\t\t\t\t<\/div>\n\t\t<div class=\"elementor-element elementor-element-397addc e-flex e-con-boxed e-con e-parent\" data-id=\"397addc\" data-element_type=\"container\" data-e-type=\"container\" data-settings=\"{&quot;_ha_eqh_enable&quot;:false}\">\n\t\t\t\t\t<div class=\"e-con-inner\">\n\t\t\t\t<div class=\"elementor-element elementor-element-2e4084c elementor-widget elementor-widget-text-editor\" data-id=\"2e4084c\" data-element_type=\"widget\" data-e-type=\"widget\" data-widget_type=\"text-editor.default\">\n\t\t\t\t\t\t\t\t\t<ul><li>Erikoisalojen tulkkaus (esim. l\u00e4\u00e4ketiede, sosiaali- ja terveysala, arkkitehtuuri, koulutus ja kasvatus, kest\u00e4v\u00e4 kehitys ja smart city)<\/li><li>Auktorisoidut k\u00e4\u00e4nn\u00f6kset<\/li><li>Blogik\u00e4\u00e4nn\u00f6kset, yritysesittelyt<\/li><li>Kielipalvelut yrityksille: bisnesneuvottelut, japaninkielinen asiakaspalvelutuki, kielitukihenkil\u00f6 verkostoitumistilaisuuksiin, yritysvierailuiden ohjelmapalvelut jne.<\/li><\/ul>\t\t\t\t\t\t\t\t<\/div>\n\t\t\t\t\t<\/div>\n\t\t\t\t<\/div>\n\t\t<div class=\"elementor-element elementor-element-926d7bf e-flex e-con-boxed e-con e-parent\" data-id=\"926d7bf\" data-element_type=\"container\" data-e-type=\"container\" data-settings=\"{&quot;_ha_eqh_enable&quot;:false}\">\n\t\t\t\t\t<div class=\"e-con-inner\">\n\t\t\t\t<div class=\"elementor-element elementor-element-42954b7 elementor-widget elementor-widget-heading\" data-id=\"42954b7\" data-element_type=\"widget\" data-e-type=\"widget\" data-widget_type=\"heading.default\">\n\t\t\t\t\t<h2 class=\"elementor-heading-title elementor-size-default\">Ota rohkeasti yhteytt\u00e4!\n<\/h2>\t\t\t\t<\/div>\n\t\t\t\t\t<\/div>\n\t\t\t\t<\/div>\n\t\t<div class=\"elementor-element elementor-element-f2646be e-flex e-con-boxed e-con e-parent\" data-id=\"f2646be\" data-element_type=\"container\" data-e-type=\"container\" data-settings=\"{&quot;_ha_eqh_enable&quot;:false}\">\n\t\t\t\t\t<div class=\"e-con-inner\">\n\t\t\t\t<div class=\"elementor-element elementor-element-78f5078 elementor-widget elementor-widget-text-editor\" data-id=\"78f5078\" data-element_type=\"widget\" data-e-type=\"widget\" data-widget_type=\"text-editor.default\">\n\t\t\t\t\t\t\t\t\t<p class=\"wp-block-paragraph\">S\u00e4hk\u00f6posti: info@mysuomi.fi<br \/>Puhelin: +358 45 1111 033<\/p><p class=\"wp-block-paragraph\">Huom. suomenkielist\u00e4 sivustoamme p\u00e4ivitet\u00e4\u00e4n parhaillaan.<\/p>\t\t\t\t\t\t\t\t<\/div>\n\t\t\t\t\t<\/div>\n\t\t\t\t<\/div>\n\t\t\t\t<\/div>\n\t\t\n    <div class=\"xs_social_share_widget xs_share_url after_content \t\tmain_content  wslu-style-1 wslu-share-box-shaped wslu-fill-colored wslu-none wslu-share-horizontal wslu-theme-font-no wslu-main_content\">\n\n\t\t\n        <ul>\n\t\t\t        <\/ul>\n    <\/div> \n","protected":false},"excerpt":{"rendered":"<p>My Suomi Oy My Suomi toimii sillanrakentajana Suomen ja Japanin v\u00e4lill\u00e4. Tarjoamme osaavat tulkit, kulttuurikoulutusta ja asiantuntijapalveluita. Olemme toimineet Japaniin [\u2026] <a href=\"https:\/\/mysuomi.fi\/fi\/\">Lue lis\u00e4\u00e4 &raquo;<\/a><\/p>\n","protected":false},"author":7,"featured_media":0,"parent":0,"menu_order":0,"comment_status":"closed","ping_status":"closed","template":"","meta":{"_acf_changed":false,"_eb_attr":"","postBodyCss":"","postBodyMargin":[],"postBodyPadding":[],"postBodyBackground":{"backgroundType":"classic","gradient":""},"footnotes":""},"class_list":["post-31516","page","type-page","status-publish","hentry"],"acf":[],"aioseo_notices":[],"publishpress_future_action":{"enabled":false,"date":"2026-04-25 11:34:34","action":"change-status","newStatus":"draft","terms":[],"taxonomy":"translation_priority","extraData":[]},"publishpress_future_workflow_manual_trigger":{"enabledWorkflows":[]},"_links":{"self":[{"href":"https:\/\/mysuomi.fi\/fi\/wp-json\/wp\/v2\/pages\/31516","targetHints":{"allow":["GET"]}}],"collection":[{"href":"https:\/\/mysuomi.fi\/fi\/wp-json\/wp\/v2\/pages"}],"about":[{"href":"https:\/\/mysuomi.fi\/fi\/wp-json\/wp\/v2\/types\/page"}],"author":[{"embeddable":true,"href":"https:\/\/mysuomi.fi\/fi\/wp-json\/wp\/v2\/users\/7"}],"replies":[{"embeddable":true,"href":"https:\/\/mysuomi.fi\/fi\/wp-json\/wp\/v2\/comments?post=31516"}],"version-history":[{"count":9,"href":"https:\/\/mysuomi.fi\/fi\/wp-json\/wp\/v2\/pages\/31516\/revisions"}],"predecessor-version":[{"id":34200,"href":"https:\/\/mysuomi.fi\/fi\/wp-json\/wp\/v2\/pages\/31516\/revisions\/34200"}],"wp:attachment":[{"href":"https:\/\/mysuomi.fi\/fi\/wp-json\/wp\/v2\/media?parent=31516"}],"curies":[{"name":"wp","href":"https:\/\/api.w.org\/{rel}","templated":true}]}}