{"id":14006,"date":"2020-08-26T12:45:27","date_gmt":"2020-08-26T09:45:27","guid":{"rendered":"https:\/\/mysuomi.fi\/?page_id=14006"},"modified":"2020-09-03T13:15:12","modified_gmt":"2020-09-03T10:15:12","slug":"studienreisen","status":"publish","type":"page","link":"https:\/\/mysuomi.fi\/de\/studienreisen\/","title":{"rendered":"Studienreisen in Finnland"},"content":{"rendered":"\n<p>Auf unseren Studienreisen genie\u00dfen Sie in vielerlei Hinsicht. Ob Sie sich f\u00fcr \u00f6rtliche K\u00f6stlichkeiten, innovative Nachhaltigkeit, dichte W\u00e4lder und malerische Seelandschaft oder pr\u00e4chtige Architektur interessieren, wir bieten Ihnen ein exklusives Reiseprogramm an. Sie k\u00f6nnen auch eine Privattour ganz nach Ihren Bed\u00fcrfnissen buchen.<\/p>\n\n\n\n<p>Lassen Sie sich von unseren Studienreisen verzaubern!<\/p>\n\n\n\n<p>Die Seite wird bearbeitet.<\/p>\n\n    <div class=\"xs_social_share_widget xs_share_url after_content \t\tmain_content  wslu-style-1 wslu-share-box-shaped wslu-fill-colored wslu-none wslu-share-horizontal wslu-theme-font-no wslu-main_content\">\n\n\t\t\n        <ul>\n\t\t\t        <\/ul>\n    <\/div> \n","protected":false},"excerpt":{"rendered":"<p>Auf unseren Studienreisen genie\u00dfen Sie in vielerlei Hinsicht. Ob Sie sich f\u00fcr \u00f6rtliche K\u00f6stlichkeiten, innovative Nachhaltigkeit, dichte W\u00e4lder und malerische [\u2026] <a href=\"https:\/\/mysuomi.fi\/de\/studienreisen\/\">Lue lis\u00e4\u00e4 &raquo;<\/a><\/p>\n","protected":false},"author":7,"featured_media":0,"parent":0,"menu_order":0,"comment_status":"closed","ping_status":"closed","template":"","meta":{"_acf_changed":false,"_eb_attr":"","postBodyCss":"","postBodyMargin":[],"postBodyPadding":[],"postBodyBackground":{"backgroundType":"classic","gradient":""},"footnotes":""},"class_list":["post-14006","page","type-page","status-publish","hentry"],"acf":[],"aioseo_notices":[],"publishpress_future_action":{"enabled":false,"date":"2026-04-26 13:06:00","action":"change-status","newStatus":"draft","terms":[],"taxonomy":"translation_priority","extraData":[]},"publishpress_future_workflow_manual_trigger":{"enabledWorkflows":[]},"_links":{"self":[{"href":"https:\/\/mysuomi.fi\/de\/wp-json\/wp\/v2\/pages\/14006","targetHints":{"allow":["GET"]}}],"collection":[{"href":"https:\/\/mysuomi.fi\/de\/wp-json\/wp\/v2\/pages"}],"about":[{"href":"https:\/\/mysuomi.fi\/de\/wp-json\/wp\/v2\/types\/page"}],"author":[{"embeddable":true,"href":"https:\/\/mysuomi.fi\/de\/wp-json\/wp\/v2\/users\/7"}],"replies":[{"embeddable":true,"href":"https:\/\/mysuomi.fi\/de\/wp-json\/wp\/v2\/comments?post=14006"}],"version-history":[{"count":0,"href":"https:\/\/mysuomi.fi\/de\/wp-json\/wp\/v2\/pages\/14006\/revisions"}],"wp:attachment":[{"href":"https:\/\/mysuomi.fi\/de\/wp-json\/wp\/v2\/media?parent=14006"}],"curies":[{"name":"wp","href":"https:\/\/api.w.org\/{rel}","templated":true}]}}