{"id":13997,"date":"2020-08-26T12:43:22","date_gmt":"2020-08-26T09:43:22","guid":{"rendered":"https:\/\/mysuomi.fi\/?page_id=13997"},"modified":"2020-09-03T16:42:25","modified_gmt":"2020-09-03T13:42:25","slug":"fachstudienreisen-und-studienreisen-in-finnland","status":"publish","type":"page","link":"https:\/\/mysuomi.fi\/de\/fachstudienreisen-und-studienreisen-in-finnland\/","title":{"rendered":"Fachstudienreisen und Studienreisen in Finnland &#8211; My Suomi Oy"},"content":{"rendered":"\n<h2 class=\"wp-block-heading\">\u2013 <strong>MIT 15-J\u00c4HRIGER ERFAHRUNG<\/strong><\/h2>\n\n\n\n<p>Gewinnen Sie neue Einsichten auf <a rel=\"noreferrer noopener\" href=\"https:\/\/mysuomi.fi\/de\/fachstudienreisen\/\" target=\"_blank\">Fachstudienreisen <\/a>und entdecken Sie einzigartige W\u00e4lder, innovative Nachhaltigkeit, spektakul\u00e4re Architektur und vieles mehr auf unseren <a rel=\"noreferrer noopener\" href=\"https:\/\/mysuomi.fi\/de\/studienreisen\/\" target=\"_blank\">Studienreisen <\/a>in Finnland!<\/p>\n\n\n\n<p>Wir bei My Suomi sind Ihre Spezialistinnen und Spezialisten f\u00fcr Fachstudienreisen und Studienreisen mit einem besonderen thematischen Schwerpunkt in Finnland und anderen nordischen L\u00e4ndern. Seit \u00fcber 15 Jahren bieten wir unseren internationalen Kundinnen und Kunden vielf\u00e4ltige, ma\u00dfgeschneiderte Reiseoptionen an. Unsere \u00f6rtlichen Touristenf\u00fchrer\/innen nehmen Sie mit zu beeindruckenden Orten, die Sie faszinieren werden.<\/p>\n\n\n\n<p>Zus\u00e4tzlich haben wir Erfahrung mit der Koordination von Dutzenden von Fernsehproduktionen. Wir bieten Ihnen u.a. Locationscouting, Dolmetschen, Hilfe bei der Erhaltung von Drehgenehmigungen und allgemeine Unterst\u00fctzung an.<\/p>\n\n\n\n<p>Genie\u00dfen Sie unseren reichen Erfahrungsschatz an innovativen Besuchszielen, individuellen L\u00f6sungen und vielseitigen Programmen. Wir begr\u00fc\u00dfen gerne sowohl Einzelpersonen als auch Gruppen bis zu 150 Teilnehmern.<\/p>\n\n\n\n<p><a href=\"https:\/\/mysuomi.fi\/de\/ueber-my-suomi\/\" target=\"_blank\" rel=\"noreferrer noopener\">Kontaktieren Sie uns<\/a>, um Ihre perfekte Fachstudienreise oder Studienreise mit uns zu planen! Wir freuen uns auf Sie!<\/p>\n\n    <div class=\"xs_social_share_widget xs_share_url after_content \t\tmain_content  wslu-style-1 wslu-share-box-shaped wslu-fill-colored wslu-none wslu-share-horizontal wslu-theme-font-no wslu-main_content\">\n\n\t\t\n        <ul>\n\t\t\t        <\/ul>\n    <\/div> \n","protected":false},"excerpt":{"rendered":"<p>\u2013 MIT 15-J\u00c4HRIGER ERFAHRUNG Gewinnen Sie neue Einsichten auf Fachstudienreisen und entdecken Sie einzigartige W\u00e4lder, innovative Nachhaltigkeit, spektakul\u00e4re Architektur und [\u2026] <a href=\"https:\/\/mysuomi.fi\/de\/fachstudienreisen-und-studienreisen-in-finnland\/\">Lue lis\u00e4\u00e4 &raquo;<\/a><\/p>\n","protected":false},"author":7,"featured_media":6432,"parent":0,"menu_order":0,"comment_status":"closed","ping_status":"closed","template":"","meta":{"_acf_changed":false,"_eb_attr":"","postBodyCss":"","postBodyMargin":[],"postBodyPadding":[],"postBodyBackground":{"backgroundType":"classic","gradient":""},"footnotes":""},"class_list":["post-13997","page","type-page","status-publish","has-post-thumbnail","hentry"],"acf":[],"aioseo_notices":[],"publishpress_future_action":{"enabled":false,"date":"2026-05-07 07:44:11","action":"change-status","newStatus":"draft","terms":[],"taxonomy":"translation_priority","extraData":[]},"publishpress_future_workflow_manual_trigger":{"enabledWorkflows":[]},"_links":{"self":[{"href":"https:\/\/mysuomi.fi\/de\/wp-json\/wp\/v2\/pages\/13997","targetHints":{"allow":["GET"]}}],"collection":[{"href":"https:\/\/mysuomi.fi\/de\/wp-json\/wp\/v2\/pages"}],"about":[{"href":"https:\/\/mysuomi.fi\/de\/wp-json\/wp\/v2\/types\/page"}],"author":[{"embeddable":true,"href":"https:\/\/mysuomi.fi\/de\/wp-json\/wp\/v2\/users\/7"}],"replies":[{"embeddable":true,"href":"https:\/\/mysuomi.fi\/de\/wp-json\/wp\/v2\/comments?post=13997"}],"version-history":[{"count":0,"href":"https:\/\/mysuomi.fi\/de\/wp-json\/wp\/v2\/pages\/13997\/revisions"}],"wp:featuredmedia":[{"embeddable":true,"href":"https:\/\/mysuomi.fi\/de\/wp-json\/wp\/v2\/media\/6432"}],"wp:attachment":[{"href":"https:\/\/mysuomi.fi\/de\/wp-json\/wp\/v2\/media?parent=13997"}],"curies":[{"name":"wp","href":"https:\/\/api.w.org\/{rel}","templated":true}]}}