{"id":13982,"date":"2020-08-26T12:13:12","date_gmt":"2020-08-26T09:13:12","guid":{"rendered":"https:\/\/mysuomi.fi\/?page_id=13982"},"modified":"2026-01-19T13:40:43","modified_gmt":"2026-01-19T11:40:43","slug":"ueber-my-suomi","status":"publish","type":"page","link":"https:\/\/mysuomi.fi\/de\/","title":{"rendered":"My Suomi Oy &#8211; Spezialist f\u00fcr Studien- und Fachstudienreisen"},"content":{"rendered":"\t\t<div data-elementor-type=\"wp-page\" data-elementor-id=\"13982\" class=\"elementor elementor-13982 elementor-28616\" data-elementor-settings=\"{&quot;ha_cmc_init_switcher&quot;:&quot;no&quot;}\">\n\t\t\t\t<div class=\"elementor-element elementor-element-07f9f2c e-flex e-con-boxed e-con e-parent\" data-id=\"07f9f2c\" data-element_type=\"container\" data-e-type=\"container\" data-settings=\"{&quot;_ha_eqh_enable&quot;:false}\">\n\t\t\t\t\t<div class=\"e-con-inner\">\n\t\t\t\t<div class=\"elementor-element elementor-element-b18cf77 elementor-widget elementor-widget-image\" data-id=\"b18cf77\" data-element_type=\"widget\" data-e-type=\"widget\" data-widget_type=\"image.default\">\n\t\t\t\t\t\t\t\t\t\t\t\t\t\t\t<img fetchpriority=\"high\" decoding=\"async\" width=\"1280\" height=\"638\" src=\"https:\/\/mysuomi.fi\/wp-content\/uploads\/2026\/01\/my-suomi-team-1280x638.jpg\" class=\"attachment-large size-large wp-image-30402\" alt=\"\u30de\u30a4\u30b9\u30aa\u30df\u306e\u30c1\u30fc\u30e0\u30e1\u30f3\u30d0\u30fc\u5199\u771f\" srcset=\"https:\/\/mysuomi.fi\/wp-content\/uploads\/2026\/01\/my-suomi-team-1280x638.jpg 1280w, https:\/\/mysuomi.fi\/wp-content\/uploads\/2026\/01\/my-suomi-team-350x174.jpg 350w, https:\/\/mysuomi.fi\/wp-content\/uploads\/2026\/01\/my-suomi-team-768x383.jpg 768w, https:\/\/mysuomi.fi\/wp-content\/uploads\/2026\/01\/my-suomi-team-500x249.jpg 500w, https:\/\/mysuomi.fi\/wp-content\/uploads\/2026\/01\/my-suomi-team-830x413.jpg 830w, https:\/\/mysuomi.fi\/wp-content\/uploads\/2026\/01\/my-suomi-team-1270x633.jpg 1270w, https:\/\/mysuomi.fi\/wp-content\/uploads\/2026\/01\/my-suomi-team.jpg 1536w\" sizes=\"(max-width: 1280px) 100vw, 1280px\" \/>\t\t\t\t\t\t\t\t\t\t\t\t\t\t\t<\/div>\n\t\t\t\t\t<\/div>\n\t\t\t\t<\/div>\n\t\t<div class=\"elementor-element elementor-element-21abab66 e-flex e-con-boxed e-con e-parent\" data-id=\"21abab66\" data-element_type=\"container\" data-e-type=\"container\" data-settings=\"{&quot;_ha_eqh_enable&quot;:false}\">\n\t\t\t\t\t<div class=\"e-con-inner\">\n\t\t\t\t<div class=\"elementor-element elementor-element-14933f7e elementor-widget elementor-widget-text-editor\" data-id=\"14933f7e\" data-element_type=\"widget\" data-e-type=\"widget\" data-widget_type=\"text-editor.default\">\n\t\t\t\t\t\t\t\t\t<p>Wir bei My Suomi sind Ihre Spezialistinnen und Spezialisten f\u00fcr Fachstudienreisen und Studienreisen in Finnland und anderen nordischen L\u00e4ndern. Seit \u00fcber 15 Jahren bieten wir unseren internationalen Kundinnen und Kunden vielf\u00e4ltige, ma\u00dfgeschneiderte Reiseoptionen an. Wir unterst\u00fctzen Sie auch gerne bei Forschungsprojekten.<\/p><p>Zus\u00e4tzlich haben wir Erfahrung mit der Koordination von Dutzenden von Fernsehproduktionen. Wir bieten Ihnen u.a. Locationscouting, Dolmetschen, Hilfe bei der Erhaltung von Drehgenehmigungen und allgemeine Unterst\u00fctzung an.<\/p><h2><strong>Was Sie von My Suomi erwarten k\u00f6nnen:<\/strong><\/h2><p>&#8211; Zuverl\u00e4ssige und flexible Zusammenarbeit<\/p><p>&#8211; Innovative und kreative Ideen<\/p><p>&#8211; Hochqualifizierte, individuelle Reiseplanung<\/p><p>&#8211; Optimales Preis-Leistungs \u2013 Verh\u00e4ltnis<\/p><p>&#8211; Vollen Nutzen aus Fachstudienreisen<\/p><p>&#8211; Faszinierende Studienreisen<\/p><p>&#8211; \u00d6kologisches Reisen: wir bevorzugen \u00f6ffentliche Verkehrsmittel sowie nachhaltige Restaurants und Hotels<\/p><h2><strong>My Suomi erf\u00fcllt Ihre W\u00fcnsche<\/strong><\/h2><p>Der Kern unseres Konzepts ist es, jede Reise individuell zu gestalten. Ausgehend von Ihren Reisew\u00fcnschen und -ideen k\u00f6nnen wir gemeinsam mit Ihnen die f\u00fcr Sie optimalen Programminhalte und Reiserouten planen. Unsere L\u00f6sungen sind immer ma\u00dfgeschneidert und wir streben stets nach der bestm\u00f6glichen Realisierung Ihrer W\u00fcnsche und Bed\u00fcrfnisse.<\/p><h2><strong>F\u00fcr Partnerorganisationen<\/strong><\/h2><p>My Suomi organisiert Fachstudienreisen und Studienreisen f\u00fcr Kundinnen und Kunden aus dem Ausland. Wir sind ein Incoming-Reiseveranstalter bzw. eine Zielgebietsagentur und organisieren f\u00fcr Sie \u2013 egal woher Sie kommen \u2013 Reiseprogramme. Wir bieten zur Zeit keine Pauschalreisen an. Wir freuen uns auf die Zusammenarbeit mit Ihnen!<\/p>\t\t\t\t\t\t\t\t<\/div>\n\t\t\t\t\t<\/div>\n\t\t\t\t<\/div>\n\t\t<div class=\"elementor-element elementor-element-4bdee70 e-flex e-con-boxed e-con e-parent\" data-id=\"4bdee70\" data-element_type=\"container\" data-e-type=\"container\" data-settings=\"{&quot;_ha_eqh_enable&quot;:false}\">\n\t\t\t\t\t<div class=\"e-con-inner\">\n\t\t\t\t<div class=\"elementor-element elementor-element-ada591f elementor-widget-divider--view-line elementor-widget elementor-widget-divider\" data-id=\"ada591f\" data-element_type=\"widget\" data-e-type=\"widget\" data-widget_type=\"divider.default\">\n\t\t\t\t\t\t\t<div class=\"elementor-divider\">\n\t\t\t<span class=\"elementor-divider-separator\">\n\t\t\t\t\t\t<\/span>\n\t\t<\/div>\n\t\t\t\t\t\t<\/div>\n\t\t\t\t\t<\/div>\n\t\t\t\t<\/div>\n\t\t<div class=\"elementor-element elementor-element-788b679 e-flex e-con-boxed e-con e-parent\" data-id=\"788b679\" data-element_type=\"container\" data-e-type=\"container\" data-settings=\"{&quot;_ha_eqh_enable&quot;:false}\">\n\t\t\t\t\t<div class=\"e-con-inner\">\n\t\t\t\t<div class=\"elementor-element elementor-element-9c85f3f elementor-widget elementor-widget-text-editor\" data-id=\"9c85f3f\" data-element_type=\"widget\" data-e-type=\"widget\" data-widget_type=\"text-editor.default\">\n\t\t\t\t\t\t\t\t\t<h2><strong>Wir sind gerne f\u00fcr Sie da<\/strong><\/h2><figure class=\"wp-block-table\"><table><tbody><tr><td>Name<\/td><td>My Suomi Oy \/ My Suomi<\/td><\/tr><tr><td>Adresse<\/td><td>Ty\u00f6pajankatu 10 A 26, 00580 Helsinki, Finnland<\/td><\/tr><tr><td>Telefon<\/td><td>+358 45 1111 033<\/td><\/tr><tr><td>E-mail<\/td><td><a href=\"mailto:info@mysuomi.fi\">info@mysuomi.fi<\/a><\/td><\/tr><tr><td>Webseite<\/td><td>http:\/\/www.mysuomi.de<\/td><\/tr><tr><td>Gr\u00fcndungsjahr<\/td><td>2005<\/td><\/tr><tr><td>Gesch\u00e4ftsf\u00fchrerin<\/td><td>Hanna J\u00e4ms\u00e4<\/td><\/tr><tr><td>Kooperationspartner<\/td><td><p>Ca. 20 japanische Partnerorganisationen,<br \/>VR (finnische Staatseisenbahn), Tallink Silja, Sokos Hotels Group, Radisson Blu, Naantali Spa, usw.<\/p><\/td><\/tr><tr><td>Versicherung<\/td><td>L\u00e4hiTapiola<br \/><em>W\u00e4hrend der Teilnahme an unseren Studien- und Fachstudienreisen sind alle unsere Kundinnen und Kunden \u00fcber eine Reiseveranstalter-Haftpflichtversicherung versichert. Jedoch empfehlen wir Ihnen eine eigene Reiseversicherung f\u00fcr Ihren gesamten Aufenthalt.<\/em><\/td><\/tr><\/tbody><\/table><\/figure>\t\t\t\t\t\t\t\t<\/div>\n\t\t\t\t\t<\/div>\n\t\t\t\t<\/div>\n\t\t\t\t<\/div>\n\t\t\n    <div class=\"xs_social_share_widget xs_share_url after_content \t\tmain_content  wslu-style-1 wslu-share-box-shaped wslu-fill-colored wslu-none wslu-share-horizontal wslu-theme-font-no wslu-main_content\">\n\n\t\t\n        <ul>\n\t\t\t        <\/ul>\n    <\/div> \n","protected":false},"excerpt":{"rendered":"<p>Wir bei My Suomi sind Ihre Spezialistinnen und Spezialisten f\u00fcr Fachstudienreisen und Studienreisen in Finnland und anderen nordischen L\u00e4ndern. Seit [\u2026] <a href=\"https:\/\/mysuomi.fi\/de\/\">Lue lis\u00e4\u00e4 &raquo;<\/a><\/p>\n","protected":false},"author":7,"featured_media":16152,"parent":0,"menu_order":0,"comment_status":"closed","ping_status":"closed","template":"","meta":{"_acf_changed":false,"_eb_attr":"","postBodyCss":"","postBodyMargin":[],"postBodyPadding":[],"postBodyBackground":{"backgroundType":"classic","gradient":""},"footnotes":""},"class_list":["post-13982","page","type-page","status-publish","has-post-thumbnail","hentry"],"acf":[],"aioseo_notices":[],"publishpress_future_action":{"enabled":false,"date":"2026-04-27 12:43:37","action":"change-status","newStatus":"draft","terms":[],"taxonomy":"translation_priority","extraData":[]},"publishpress_future_workflow_manual_trigger":{"enabledWorkflows":[]},"_links":{"self":[{"href":"https:\/\/mysuomi.fi\/de\/wp-json\/wp\/v2\/pages\/13982","targetHints":{"allow":["GET"]}}],"collection":[{"href":"https:\/\/mysuomi.fi\/de\/wp-json\/wp\/v2\/pages"}],"about":[{"href":"https:\/\/mysuomi.fi\/de\/wp-json\/wp\/v2\/types\/page"}],"author":[{"embeddable":true,"href":"https:\/\/mysuomi.fi\/de\/wp-json\/wp\/v2\/users\/7"}],"replies":[{"embeddable":true,"href":"https:\/\/mysuomi.fi\/de\/wp-json\/wp\/v2\/comments?post=13982"}],"version-history":[{"count":17,"href":"https:\/\/mysuomi.fi\/de\/wp-json\/wp\/v2\/pages\/13982\/revisions"}],"predecessor-version":[{"id":31514,"href":"https:\/\/mysuomi.fi\/de\/wp-json\/wp\/v2\/pages\/13982\/revisions\/31514"}],"wp:featuredmedia":[{"embeddable":true,"href":"https:\/\/mysuomi.fi\/de\/wp-json\/wp\/v2\/media\/16152"}],"wp:attachment":[{"href":"https:\/\/mysuomi.fi\/de\/wp-json\/wp\/v2\/media?parent=13982"}],"curies":[{"name":"wp","href":"https:\/\/api.w.org\/{rel}","templated":true}]}}