{"id":13939,"date":"2020-08-26T11:46:19","date_gmt":"2020-08-26T08:46:19","guid":{"rendered":"https:\/\/mysuomi.fi\/?page_id=13939"},"modified":"2020-09-22T14:17:31","modified_gmt":"2020-09-22T11:17:31","slug":"fachstudienreisen","status":"publish","type":"page","link":"https:\/\/mysuomi.fi\/de\/fachstudienreisen\/","title":{"rendered":"Ma\u00dfgeschneiderte Fachstudienreisen in Finnland"},"content":{"rendered":"\n<p>Gewinnen Sie neue Einsichten und tauschen Sie Ihre Gedanken mit finnischen Fachleuten aus! Ob Sozialpolitik, Bildungs- und Gesundheitswesen oder Mobility-as-a-Service, wir organisieren Fachstudienreisen ma\u00dfgeschneidert nach Ihren Interessen.<\/p>\n\n\n\n<p>Unsere Welt ver\u00e4ndert sich st\u00e4ndig: Es gibt neue M\u00e4rkte und spannende Entwicklungen. Die nordischen L\u00e4nder sind bekannt f\u00fcr ihre fortschrittlichen, innovativen Ma\u00dfnahmen und Planung, vor allem in den Bereichen Gesundheitswesen, Altenpflege und Kindererziehung. Die Ma\u00dfnahmen in diesen Bereichen sind umfangreich und vom Staat unterst\u00fctzt und es werden immer neue Innovationen entwickelt. Viele sozialpolitische Innovationen kommen aus den nordischen L\u00e4ndern.<\/p>\n\n\n\n<div class=\"wp-block-image\"><figure class=\"alignright is-resized\"><img decoding=\"async\" src=\"https:\/\/mysuomi.fi\/wp-content\/uploads\/2020\/09\/technical-visit-school-copyright-vantaan-kaupunki-edited.jpg\" alt=\"Fachstudienreisen\" class=\"wp-image-16700\" width=\"258\" height=\"172\" srcset=\"https:\/\/mysuomi.fi\/wp-content\/uploads\/2020\/09\/technical-visit-school-copyright-vantaan-kaupunki-edited.jpg 697w, https:\/\/mysuomi.fi\/wp-content\/uploads\/2020\/09\/technical-visit-school-copyright-vantaan-kaupunki-edited-350x235.jpg 350w, https:\/\/mysuomi.fi\/wp-content\/uploads\/2020\/09\/technical-visit-school-copyright-vantaan-kaupunki-edited-500x336.jpg 500w, https:\/\/mysuomi.fi\/wp-content\/uploads\/2020\/09\/technical-visit-school-copyright-vantaan-kaupunki-edited-390x260.jpg 390w\" sizes=\"(max-width: 258px) 100vw, 258px\" \/><figcaption><em>Fachstudienreise in einer Schule<\/em><\/figcaption><\/figure><\/div>\n\n\n\n<p>Aus Finnland stammen nicht nur technische, sondern auch soziale Innovationen. Finninnen und Finnen sind besonders stolz auf folgendes: Erstens, die Behindertenf\u00fcrsorge ist zukunftsgerichtet und mehrere Vereine entwickeln kontinuierlich neue Vorgehensweisen f\u00fcr die Anstellung und Wertsch\u00e4tzung von Behinderten. Zweitens, das Schulsystem. Der Erfolg des finnischen Schulsystems gr\u00fcndet sich auf Gleichberechtigung. Lernende und Lehrerende duzen sich und sind Kolleginnen und Kollegen. Und drittens, die Stellung der Frauen in Finnland ist ausgezeichnet. Frauen befinden sich oft in leitenden Positionen und Finnland hat eine Ministerpr\u00e4sidentin und eine ehemalige Pr\u00e4sidentin.<\/p>\n\n\n\n<p>Auch die neueste Architektur von \u00f6ffentlichem Raum wie Schulen, Kinderg\u00e4rten, Seniorenheimen und Bibliotheken ist bemerkenswert.<\/p>\n\n\n\n<p>Seit 2005 haben wir die finnische Wohlstandsgesellschaft, Firmen und das Schulsystem ausl\u00e4ndischen Expertinnen, Studierenden und Forscher-\/innen vorgestellt. Wir sind bekannt daf\u00fcr, dass wir die W\u00fcnsche unserer Kundinnen und Kunden m\u00f6glichst exakt erf\u00fcllen. Unsere mehr als 15-j\u00e4hrige Erfahrung vor allem auf dem japanischen Markt zeigt, dass Fachstudienreisen in Finnland beruflich sehr eindrucksvoll sind. Wir gestalten Ihnen ma\u00dfgeschneiderte Fachbesuche, Workshops und Meetings sowohl im \u00f6ffentlichen Sektor als auch in privaten Firmen.<\/p>\n\n\n\n<h2 class=\"wp-block-heading\"><strong>Warum sind Fachstudienreisen vorteilhaft?<\/strong><\/h2>\n\n\n\n<p>Fachstudienreisen bringen Ihnen relevante, neue Einsichten in Ihre Arbeit und Ihre Arbeitsweisen. Sie erm\u00f6glichen Ihnen den Zugang zu neuen Innovationen, Techniken und Materialien, die Ihnen bei Ihrer Arbeit helfen. Sie sehen, wie Ihre Arbeit in einem anderen Land erledigt wird und was Sie mit Ihrer Arbeit erreichen k\u00f6nnen. W\u00e4hrend des Fachbesuches haben Sie die M\u00f6glichkeit mit den Gastgeber\/-innen frei und gleichwertig zu diskutieren und Ihre Gedanken auszutauschen.<\/p>\n\n\n\n<p>Wir k\u00f6nnen die Fachstudienreise nach Ihren Bed\u00fcrfnissen organisieren, sodass diese steuerlich absatzf\u00e4hig ist.<\/p>\n\n\n\n<h2 class=\"wp-block-heading\"><strong>Charakteristiken unserer Fachstudienreisen<\/strong><\/h2>\n\n\n\n<h3 class=\"wp-block-heading\">1. Fachstudienreisen in verschiedenen Bereichen<\/h3>\n\n\n\n<p>Ob es sich um Bildungswesen, Sozialwesen, Gesundheitswesen, Architektur, Kunst oder sonstige Themenbereiche handelt, spielt keine Rolle \u2013 wir orientieren uns an Ihren W\u00fcnschen! Mithilfe unseres vielf\u00e4ltigen Netzwerks an Kontakten und Jahren an Erfahrung, sind wir imstande Anfragen jeglicher Art zu erf\u00fcllen.<\/p>\n\n\n\n<h3 class=\"wp-block-heading\">2. Wir organisieren Fachbesuche ab einer Person und einem Besuchsort<\/h3>\n\n\n\n<p>Wir f\u00fchren Fachstudienreisen sowohl f\u00fcr einzelne Personen als auch f\u00fcr kleinere und gr\u00f6\u00dfere Gruppen (bis zu 150 Personen) aus.<\/p>\n\n\n\n<p>Wir planen gerne einzelne oder mehrere Fachbesuche w\u00e4hrend Ihrer Reise ein. Bitte bedenken Sie, dass f\u00fcr einen Besuch ein halber Tag n\u00f6tig ist. Wir empfehlen ein bis zwei Fachbesuche f\u00fcr einen Tag.<\/p>\n\n\n\n<h3 class=\"wp-block-heading\">3. Dolmetscherinnen und Dolmetscher begleiten Sie von Anfang bis Ende des Fachbesuches<\/h3>\n\n\n\n<p>In unseren Preisen f\u00fcr Fachstudienreisen sind \u00f6ffentliche Verkehrskosten und die Begleitung des Dolmetschers bzw. der Dolmetscherin zwischen Ihrer Unterkunft bzw. dem Stadtzentrum Helsinkis und dem Besuchsort bereits enthalten.<\/p>\n\n\n\n<p>Dank unserer qualifizierter Deutsch-Finnisch-Deutsch Dolmetscher-\/innen bekommen Sie den gr\u00f6\u00dften Nutzen aus Ihrem Besuch. Obwohl sowohl in den deutschsprachigen L\u00e4ndern als auch in Finnland Englisch gut beherrscht wird, empfehlen wir meistens die Nutzung eines Dolmetschers bzw. einer Dolmetscherin, weil die fachliche Terminologie in einer fremden Sprache schwierig ist. Es ist auch der Wunsch der finnischen Gastgeberinnen und Gastgeber auf Finnisch \u00fcber ihre Unternehmungen zu erz\u00e4hlen, da sie somit mehr Wissen weitergeben k\u00f6nnen.<\/p>\n\n\n\n<h3 class=\"wp-block-heading\">4. Perfekte Fachstudienreisen ganz nach Ihren Bed\u00fcrfnissen<\/h3>\n\n\n\n<p>Wir wissen, dass die Gr\u00fcnde und Motive f\u00fcr jede Besichtigung individuell sind. Ganz gleich, ob Sie an einem Forschungsprojekt arbeiten, aus beruflichen Gr\u00fcnden neue Einsichten gewinnen und somit Ihr Know-how vertiefen wollen oder Sie an einem bestimmten Themenbereich interessiert sind \u2013 wir planen einen Fachbesuch nach Ihren Bed\u00fcrfnissen!<\/p>\n\n\n\n<p>Unser Personal vor Ort verfolgt st\u00e4ndig die aktuellen Nachrichten und neuen Entwicklungen Finnlands. Wir suchen Ihnen Besuchsorte aus, die Ihren W\u00fcnschen entsprechen, und diskutieren \u00fcber m\u00f6gliche Kandidaten mit Ihnen.<\/p>\n\n\n\n<p>Lassen Sie uns wissen, was Sie interessiert \u2013 wir planen dann den perfekten Fachbesuch f\u00fcr Sie und erstellen Ihnen ein Angebot.<\/p>\n\n\n\n<p>F\u00fcr das Freizeitprogramm Ihrer Fachstudienreisen k\u00f6nnen wir auch <a href=\"https:\/\/mysuomi.fi\/de\/studienreisen\/\" target=\"_blank\" rel=\"noreferrer noopener\">touristische Aktivit\u00e4ten<\/a> einplanen.<\/p>\n\n\n\n<h2 class=\"wp-block-heading\"><strong>Inhalt und Planung einer Fachstudienreise<\/strong><\/h2>\n\n\n\n<p>Die Organisierung einer Fachstudienreise umfasst die Wahl der Destinationen sowie der einzelnen Fachbesuche zu den nordischen L\u00e4ndern, speziell Finnland.<\/p>\n\n\n\n<p>Verlauf der Planung und Organisation:<\/p>\n\n\n\n<ol class=\"wp-block-list\"><li>Nach Konsultation der Kundin bzw. des Kunden und der Gastgeberin bzw. des Gastgebers, machen wir den Termin aus.<\/li><li>Vorstellung der Gastgeberin \/ des Gastgebers und Sendung des Zeitplanvorschlages an die Kundin bzw. den Kunden<\/li><li>Zahlung<\/li><li>Am Tag des Fachbesuches: Zusammen mit der Dolmetscherin bzw. dem Dolmetscher begeben Sie sich zu der Gastgeberin bzw. dem Gastgeber. Ein Fachbesuch dauert gew\u00f6hnlich ca. 1,5 Stunden (+ Fahrzeiten) und kann beispielsweise Beobachtung, Interviews, Diskussionen, Pr\u00e4sentationen und andere Formen von Interaktion beinhalten.<\/li><\/ol>\n\n\n\n<p>Der Preis beinhaltet Folgendes:<\/p>\n\n\n\n<ul class=\"wp-block-list\"><li>Die Organisierung des Fachbesuches (Recherche, Konsultation, Abmachung des Termins)<\/li><li>Dolmetscher-\/in (Finnisch-Deutsch-Finnisch)<\/li><li>\u00d6ffentlicher Verkehr im Hauptstadtgebiet<\/li><li>Steuern (MwSt 24%)<\/li><\/ul>\n\n\n\n<p>Bitte beachten Sie, dass je mehr Personen an einer Fachstudienreise teilnehmen, desto g\u00fcnstiger wird der Preis pro Person.<\/p>\n\n\n\n<h2 class=\"wp-block-heading\">Beispiele unserer Fachstudienreisen<\/h2>\n\n\n\n<p>Unten sehen Sie Beispiele von Fachbesuchen, die wir bisher organisiert haben. Unsere Kundinnen und Kunden kommen unter anderem aus Japan, Frankreich, Gro\u00dfbritannien und Mexiko.<\/p>\n\n\n\n<h3 class=\"wp-block-heading\"><strong>Bildungswesen<\/strong><\/h3>\n\n\n\n<ul class=\"wp-block-list\"><li>Kinderg\u00e4rten\/Kinderkrippen, Vorschulen, Nachmittagsbetreuungen, \u201eWaldkinderg\u00e4rten\u201c<\/li><li>Grundschulen\/Volksschulen<\/li><li>Schulen des sekund\u00e4ren Bildungsbereiches<\/li><li>Zehnte Klassen (fakultatives zus\u00e4tzliches Jahr im allgemeinbildenden Bereich)<\/li><li>Universit\u00e4ten und Fachhochschulen<\/li><li>Berufsschulen\/Berufsfachschulen<\/li><li>Klassen f\u00fcr Kinder mit besonderen Bed\u00fcrfnissen\/Behinderungen<\/li><li>Verwaltungsorgane des Bildungswesens<\/li><li>Volkshochschulen\/Erwachsenenbildung<\/li><li>Heilst\u00e4ttenschule f\u00fcr Kinder mit Gesundheitsproblemen<\/li><li>Informatikunterricht in Schulen<\/li><\/ul>\n\n\n\n<div class=\"wp-block-image\"><figure class=\"alignright size-large is-resized\"><img fetchpriority=\"high\" decoding=\"async\" src=\"https:\/\/mysuomi.fi\/wp-content\/uploads\/2020\/08\/seniorenheim.jpg\" alt=\"Fachstudienreisen\" class=\"wp-image-13941\" width=\"290\" height=\"363\" srcset=\"https:\/\/mysuomi.fi\/wp-content\/uploads\/2020\/08\/seniorenheim.jpg 819w, https:\/\/mysuomi.fi\/wp-content\/uploads\/2020\/08\/seniorenheim-350x438.jpg 350w, https:\/\/mysuomi.fi\/wp-content\/uploads\/2020\/08\/seniorenheim-768x961.jpg 768w, https:\/\/mysuomi.fi\/wp-content\/uploads\/2020\/08\/seniorenheim-500x626.jpg 500w\" sizes=\"(max-width: 290px) 100vw, 290px\" \/><figcaption><em>Fachstudienreise im Seniorenheim<\/em><\/figcaption><\/figure><\/div>\n\n\n\n<h3 class=\"wp-block-heading\"><strong>Sozialwesen<\/strong><\/h3>\n\n\n\n<ul class=\"wp-block-list\"><li>Altenpflege (Wohngemeinschaften, Tagesheime, kommunale Wohnungen, station\u00e4re Pflegeeinrichtungen)<\/li><li>Behindertenhilfe (Wohnservices, Wohngemeinschaften, Aktivit\u00e4tenzentren, Workshops)<\/li><li>Finnisches Sozialversicherungsamt (KELA)<\/li><li>Finnisches Amt f\u00fcr Gesundheit und Wohlbefinden (THL)<\/li><\/ul>\n\n\n\n<h3 class=\"wp-block-heading\"><strong>Gesundheitswesen<\/strong><\/h3>\n\n\n\n<ul class=\"wp-block-list\"><li>Krebskliniken<\/li><li>Kinderkrankenh\u00e4user<\/li><li>Gesundheitszentren (mit Fokus auf Physiotherapie, Sprachtherapie etc.)<\/li><li>\u00d6ffentliche Krankenh\u00e4user<\/li><li>Babymassagekurse<\/li><li>Sterbehospizen<\/li><li>M\u00fctterberatungsstellen, Entbindungsstationen<\/li><\/ul>\n\n\n\n<h3 class=\"wp-block-heading\"><strong>Architektur<\/strong><\/h3>\n\n\n\n<ul class=\"wp-block-list\"><li>Schularchitektur<\/li><li>Architekturunternehmen, Showrooms<\/li><li>\u00d6kologisches Bauen und Wohnen<\/li><li>Alvar Aaltos Werke<\/li><li>Neue Holzverarbeitungsanlagen<\/li><li>Kirchenarchitektur<\/li><li>Bau- und Wohnungsmessen<\/li><li>Holzateliers<\/li><\/ul>\n\n\n\n<h3 class=\"wp-block-heading\"><strong>Kunst &amp; Design<\/strong><\/h3>\n\n\n\n<ul class=\"wp-block-list\"><li>Ateliers von K\u00fcnstlerinnen und K\u00fcnstlern, Designstudios<\/li><li>Musikakademien, Kunstschulen<\/li><li>Kunstprogramme und \u2013ereignisse f\u00fcr Kinder<\/li><li>Designunternehmen und Fabrikbesuche (u.a. Marimekko, Arabia)<\/li><li>Treffen mit K\u00fcnstler-\/innen und Designer-\/innen<\/li><\/ul>\n\n\n\n<h3 class=\"wp-block-heading\"><strong>Sonstige Bereiche<\/strong><\/h3>\n\n\n\n<ul class=\"wp-block-list\"><li>Mobility-as-a-Service<\/li><li>Besuche bei Unternehmen<\/li><li>Interviews mit Spezialist-\/innen aus diversen Fachbereichen<\/li><\/ul>\n\n\n\n<p><a href=\"https:\/\/mysuomi.fi\/de\/ueber-my-suomi\/\" target=\"_blank\" rel=\"noreferrer noopener\">Kontaktieren Sie uns<\/a>, um Ihre perfekte Fachstudienreise mit uns zu planen!<\/p>\n\n    <div class=\"xs_social_share_widget xs_share_url after_content \t\tmain_content  wslu-style-1 wslu-share-box-shaped wslu-fill-colored wslu-none wslu-share-horizontal wslu-theme-font-no wslu-main_content\">\n\n\t\t\n        <ul>\n\t\t\t        <\/ul>\n    <\/div> \n","protected":false},"excerpt":{"rendered":"<p>Gewinnen Sie neue Einsichten und tauschen Sie Ihre Gedanken mit finnischen Fachleuten aus! Ob Sozialpolitik, Bildungs- und Gesundheitswesen oder Mobility-as-a-Service, [\u2026] <a href=\"https:\/\/mysuomi.fi\/de\/fachstudienreisen\/\">Lue lis\u00e4\u00e4 &raquo;<\/a><\/p>\n","protected":false},"author":7,"featured_media":0,"parent":0,"menu_order":0,"comment_status":"closed","ping_status":"closed","template":"","meta":{"_acf_changed":false,"_eb_attr":"","postBodyCss":"","postBodyMargin":[],"postBodyPadding":[],"postBodyBackground":{"backgroundType":"classic","gradient":""},"footnotes":""},"class_list":["post-13939","page","type-page","status-publish","hentry"],"acf":[],"aioseo_notices":[],"publishpress_future_action":{"enabled":false,"date":"2026-04-26 13:06:32","action":"change-status","newStatus":"draft","terms":[],"taxonomy":"translation_priority","extraData":[]},"publishpress_future_workflow_manual_trigger":{"enabledWorkflows":[]},"_links":{"self":[{"href":"https:\/\/mysuomi.fi\/de\/wp-json\/wp\/v2\/pages\/13939","targetHints":{"allow":["GET"]}}],"collection":[{"href":"https:\/\/mysuomi.fi\/de\/wp-json\/wp\/v2\/pages"}],"about":[{"href":"https:\/\/mysuomi.fi\/de\/wp-json\/wp\/v2\/types\/page"}],"author":[{"embeddable":true,"href":"https:\/\/mysuomi.fi\/de\/wp-json\/wp\/v2\/users\/7"}],"replies":[{"embeddable":true,"href":"https:\/\/mysuomi.fi\/de\/wp-json\/wp\/v2\/comments?post=13939"}],"version-history":[{"count":0,"href":"https:\/\/mysuomi.fi\/de\/wp-json\/wp\/v2\/pages\/13939\/revisions"}],"wp:attachment":[{"href":"https:\/\/mysuomi.fi\/de\/wp-json\/wp\/v2\/media?parent=13939"}],"curies":[{"name":"wp","href":"https:\/\/api.w.org\/{rel}","templated":true}]}}